{"id":365084,"date":"2023-08-07T12:15:57","date_gmt":"2023-08-07T12:15:57","guid":{"rendered":"https:\/\/topbusiness.pro\/terms-conditions-copy\/"},"modified":"2025-02-12T05:28:18","modified_gmt":"2025-02-12T05:28:18","slug":"agbs","status":"publish","type":"page","link":"https:\/\/or-laserservice.com\/en\/agbs\/","title":{"rendered":"Terms"},"content":{"rendered":"<p>[et_pb_section fb_built=&#8220;1&#8243; specialty=&#8220;on&#8220; background_color_2=&#8220;#f7f9fa&#8220; padding_top_2=&#8220;0px&#8220; padding_bottom_2=&#8220;0px&#8220; padding_top_bottom_link_2=&#8220;false&#8220; padding_left_right_link_2=&#8220;false&#8220; custom_css_main_2=&#8220;border-top: 20px solid #bc5b1b;||border-radius: 6px;||content: &#8218;Services&#8216;;&#8220; _builder_version=&#8220;4.24.0&#8243; _module_preset=&#8220;default&#8220; inner_width=&#8220;98%&#8220; inner_width_tablet=&#8220;90%&#8220; inner_width_phone=&#8220;&#8220; inner_width_last_edited=&#8220;on|phone&#8220; inner_max_width=&#8220;1170px&#8220; inner_max_width_tablet=&#8220;90%&#8220; inner_max_width_phone=&#8220;&#8220; inner_max_width_last_edited=&#8220;on|phone&#8220; custom_padding=&#8220;80px||50px||false|false&#8220; border_color_top=&#8220;#f3a363&#8243; global_colors_info=&#8220;{}&#8220; theme_builder_area=&#8220;post_content&#8220;][et_pb_column type=&#8220;2_3&#8243; specialty_columns=&#8220;2&#8243; _builder_version=&#8220;4.16&#8243; custom_padding=&#8220;|||&#8220; global_colors_info=&#8220;{}&#8220; custom_padding__hover=&#8220;|||&#8220; theme_builder_area=&#8220;post_content&#8220;][et_pb_row_inner use_custom_gutter=&#8220;on&#8220; gutter_width=&#8220;2&#8243; admin_label=&#8220;Row&#8220; _builder_version=&#8220;4.16&#8243; _module_preset=&#8220;default&#8220; custom_margin=&#8220;0px|0px|0px|0px|false|false&#8220; custom_padding=&#8220;0px|0px|0px|0px|false|false&#8220; global_colors_info=&#8220;{}&#8220; theme_builder_area=&#8220;post_content&#8220;][et_pb_column_inner saved_specialty_column_type=&#8220;2_3&#8243; _builder_version=&#8220;4.9.4&#8243; _module_preset=&#8220;default&#8220; global_colors_info=&#8220;{}&#8220; theme_builder_area=&#8220;post_content&#8220;][et_pb_text _builder_version=&#8220;4.27.4&#8243; text_font=&#8220;||||||||&#8220; text_text_color=&#8220;#777777&#8243; text_font_size=&#8220;17px&#8220; text_line_height=&#8220;1.5em&#8220; max_width_tablet=&#8220;&#8220; max_width_phone=&#8220;&#8220; max_width_last_edited=&#8220;on|tablet&#8220; custom_padding=&#8220;||||false|false&#8220; animation_direction=&#8220;bottom&#8220; hover_enabled=&#8220;0&#8243; locked=&#8220;off&#8220; global_colors_info=&#8220;{}&#8220; theme_builder_area=&#8220;post_content&#8220; sticky_enabled=&#8220;0&#8243;]<\/p>\n<p><strong>Geltungsbereich<\/strong><br \/>1.1. Diese Allgemeinen Gesch\u00e4ftsbedingungen (nachfolgend &#8222;AGB&#8220;) gelten f\u00fcr s\u00e4mtliche Vertr\u00e4ge zwischen &#8222;OR Laser Service&#8220; (nachfolgend &#8222;Anbieter&#8220;) und ihren Kunden (nachfolgend &#8222;Kunde&#8220;) \u00fcber den Kauf von Produkten und Dienstleistungen auf der Webseite des Anbieters (nachfolgend &#8222;Webseite&#8220;).<br \/>1.2. Abweichende Bedingungen des Kunden werden nicht anerkannt, es sei denn, der Anbieter stimmt ihrer Geltung ausdr\u00fccklich schriftlich zu.<\/p>\n<p><strong>Vertragsgegenstand<\/strong><br \/>2.1. Der Anbieter bietet auf seiner Webseite Produkte und Dienstleistungen zum Verkauf an.<br \/>2.2. Die auf der Webseite pr\u00e4sentierten Produkte und Dienstleistungen stellen kein rechtlich bindendes Angebot dar, sondern eine Aufforderung zur Abgabe eines solchen Angebots durch den Kunden.<\/p>\n<p><strong>Vertragsschluss<\/strong><br \/>3.1. Der Kunde kann \u00fcber den Webshop des Anbieters eine Bestellung aufgeben. Hierbei gibt der Kunde nach Auswahl der Produkte und Dienstleistungen seine pers\u00f6nlichen Daten und die Zahlungsdaten an. Durch das Absenden der Bestellung gibt der Kunde ein verbindliches Angebot zum Abschluss eines Kaufvertrags ab.<br \/>3.2. Der Anbieter best\u00e4tigt den Eingang der Bestellung des Kunden unmittelbar nach dem Absenden durch eine automatisierte E-Mail (&#8222;Bestellbest\u00e4tigung&#8220;). Diese Bestellbest\u00e4tigung stellt keine Annahme des Angebots dar, sondern informiert den Kunden lediglich dar\u00fcber, dass die Bestellung eingegangen ist.<\/p>\n<p>3.3. Der Kaufvertrag kommt erst zustande, wenn der Anbieter die Annahme der Bestellung des Kunden erkl\u00e4rt oder das bestellte Produkt an den Kunden versendet. \u00dcber die Annahme des Angebots wird der Kunde per E-Mail informiert (&#8222;Versandbest\u00e4tigung&#8220;).<\/p>\n<p><strong>Preise und Zahlungsbedingungen<\/strong><br \/>4.1. Die auf der Webseite angegebenen Preise verstehen sich inklusive der gesetzlichen Mehrwertsteuer und sonstiger Preisbestandteile, jedoch exklusive Versandkosten, sofern nicht anders angegeben.<br \/>4.2. Der Kunde kann die Zahlung per Bank\u00fcberweisung, Kreditkarte, PayPal oder anderen auf der Webseite angegebenen Zahlungsmethoden vornehmen.<\/p>\n<p>4.3. Der Kaufpreis ist sofort zur Zahlung f\u00e4llig.<\/p>\n<p><strong>Lieferbedingungen und Versandkosten<\/strong><br \/>5.1. Die Lieferung der bestellten Produkte erfolgt an die vom Kunden angegebene Lieferadresse.<br \/>5.2. Die Lieferzeit kann je nach Produkt und Verf\u00fcgbarkeit variieren und wird dem Kunden auf der Webseite mitgeteilt.<\/p>\n<p>5.3. F\u00fcr den Versand k\u00f6nnen zus\u00e4tzliche Kosten anfallen. Diese werden dem Kunden vor Abgabe der Bestellung deutlich mitgeteilt.<\/p>\n<p><strong>Widerrufsrecht<\/strong><br \/>6.1. Der Kunde hat das Recht, binnen vierzehn Tagen ohne Angabe von Gr\u00fcnden den Kaufvertrag zu widerrufen. Die Widerrufsfrist betr\u00e4gt vierzehn Tage ab dem Tag, an dem der Kunde oder ein von ihm benannter Dritter, der nicht der Bef\u00f6rderer ist, die Waren in Besitz genommen hat.<br \/>6.2. Zur Aus\u00fcbung des Widerrufsrechts muss der Kunde dem Anbieter mittels einer eindeutigen Erkl\u00e4rung (z.B. per E-Mail) \u00fcber seinen Entschluss, den Vertrag zu widerrufen, informieren.<\/p>\n<p>6.3. Im Falle eines wirksamen Widerrufs hat der Anbieter alle erhaltenen Zahlungen, einschlie\u00dflich der Lieferkosten, unverz\u00fcglich und sp\u00e4testens binnen vierzehn Tagen ab dem Tag zur\u00fcckzuzahlen, an dem die Mitteilung \u00fcber den Widerruf des Vertrags beim Anbieter eingegangen ist.<\/p>\n<p><strong>Gew\u00e4hrleistung<\/strong><br \/>7.1. Es gelten die gesetzlichen Gew\u00e4hrleistungsregeln.<\/p>\n<p><strong>Haftungsbeschr\u00e4nkung<\/strong><br \/>8.1. Der Anbieter haftet nur f\u00fcr Sch\u00e4den, die auf grober Fahrl\u00e4ssigkeit oder Vorsatz beruhen. Die Haftung f\u00fcr leichte Fahrl\u00e4ssigkeit ist ausgeschlossen, es sei denn, es handelt sich um Sch\u00e4den aus der Verletzung des Lebens, des K\u00f6rpers oder der Gesundheit.<\/p>\n<p><strong>Datenschutz<\/strong><br \/>9.1. Der Anbieter erhebt und verarbeitet personenbezogene Daten des Kunden nur, soweit dies zur Erf\u00fcllung des Vertrags und der gesetzlichen Vorschriften erforderlich ist. Weitere Informationen zur Datenverarbeitung finden sich in der Datenschutzerkl\u00e4rung des Anbieters.<\/p>\n<p><strong>Schlussbestimmungen<\/strong><br \/>10.1. Es gilt deutsches Recht unter Ausschluss des UN-Kaufrechts.<\/p>\n<p>10.2. Sollten einzelne Bestimmungen dieser AGB unwirksam oder undurchf\u00fchrbar sein, ber\u00fchrt dies nicht die G\u00fcltigkeit der \u00fcbrigen Bestimmungen.<\/p>\n<p>10.3. Erf\u00fcllungsort und Gerichtsstand f\u00fcr alle Streitigkeiten aus und im Zusammenhang mit diesem Vertrag ist der Sitz des Anbieters, sofern der Kunde Kaufmann, juristische Person des \u00f6ffentlichen Rechts oder \u00f6ffentlich-rechtliches Sonderverm\u00f6gen ist.<\/p>\n<p>[\/et_pb_text][\/et_pb_column_inner][\/et_pb_row_inner][\/et_pb_column][et_pb_column type=&#8220;1_3&#8243; _builder_version=&#8220;4.16&#8243; custom_padding=&#8220;|||&#8220; global_colors_info=&#8220;{}&#8220; custom_padding__hover=&#8220;|||&#8220; theme_builder_area=&#8220;post_content&#8220;][et_pb_text admin_label=&#8220;Services Header&#8220; _builder_version=&#8220;4.27.4&#8243; _module_preset=&#8220;default&#8220; text_font=&#8220;|700|||||||&#8220; text_text_color=&#8220;#FFFFFF&#8220; text_font_size=&#8220;22px&#8220; text_line_height=&#8220;1.8em&#8220; header_3_font=&#8220;|700|||||||&#8220; header_3_text_color=&#8220;#FFFFFF&#8220; background_color=&#8220;#bc5b1b&#8220; text_orientation=&#8220;center&#8220; background_layout=&#8220;dark&#8220; custom_margin=&#8220;-1px||0px||false|false&#8220; custom_padding=&#8220;0px|0px|10px|0px|false|false&#8220; global_module=&#8220;93623&#8243; saved_tabs=&#8220;all&#8220; global_colors_info=&#8220;{}&#8220; theme_builder_area=&#8220;post_content&#8220;]<\/p>\n<h3>Our Services<\/h3>\n<p>[\/et_pb_text][et_pb_text admin_label=&#8220;Service 1 Button&#8220; _builder_version=&#8220;4.18.0&#8243; _dynamic_attributes=&#8220;link_option_url&#8220; _module_preset=&#8220;default&#8220; header_4_font=&#8220;|700|||||||&#8220; header_4_text_align=&#8220;center&#8220; header_4_text_color=&#8220;#171719&#8243; header_4_font_size=&#8220;16px&#8220; background_color=&#8220;#FFFFFF&#8220; custom_margin=&#8220;30px|25px|10px|25px|false|false&#8220; custom_padding=&#8220;25px||13px||false|true&#8220; link_option_url=&#8220;@ET-DC@eyJkeW5hbWljIjp0cnVlLCJjb250ZW50IjoicG9zdF9saW5rX3VybF9wYWdlIiwic2V0dGluZ3MiOnsicG9zdF9pZCI6IjkxMDAxIn19@&#8220; border_radii=&#8220;on|6px|6px|6px|6px&#8220; border_color_left=&#8220;#f3a363&#8243; global_module=&#8220;95370&#8243; saved_tabs=&#8220;all&#8220; global_colors_info=&#8220;{}&#8220; border_width_left__hover_enabled=&#8220;on|hover&#8220; border_width_left__hover=&#8220;6px&#8220; theme_builder_area=&#8220;post_content&#8220;]<\/p>\n<h4>Neue Ger\u00e4te<\/h4>\n<p>[\/et_pb_text][et_pb_text admin_label=&#8220;Service 2 Button&#8220; _builder_version=&#8220;4.14.7&#8243; _dynamic_attributes=&#8220;link_option_url&#8220; _module_preset=&#8220;default&#8220; header_4_font=&#8220;|700|||||||&#8220; header_4_text_align=&#8220;center&#8220; header_4_text_color=&#8220;#171719&#8243; header_4_font_size=&#8220;16px&#8220; background_color=&#8220;#FFFFFF&#8220; custom_margin=&#8220;0px|25px|10px|25px|false|false&#8220; custom_padding=&#8220;25px||13px||false|true&#8220; link_option_url=&#8220;@ET-DC@eyJkeW5hbWljIjp0cnVlLCJjb250ZW50IjoicG9zdF9saW5rX3VybF9wYWdlIiwic2V0dGluZ3MiOnsicG9zdF9pZCI6Ijk0ODMzIn19@&#8220; border_radii=&#8220;on|6px|6px|6px|6px&#8220; border_color_left=&#8220;#f3a363&#8243; global_module=&#8220;98006&#8243; saved_tabs=&#8220;all&#8220; global_colors_info=&#8220;{}&#8220; border_width_left__hover_enabled=&#8220;on|hover&#8220; border_width_left__hover=&#8220;6px&#8220; theme_builder_area=&#8220;post_content&#8220;]<\/p>\n<h4>Reparatur<\/h4>\n<p>[\/et_pb_text][et_pb_text admin_label=&#8220;Service 3 Button&#8220; _builder_version=&#8220;4.14.7&#8243; _dynamic_attributes=&#8220;link_option_url&#8220; _module_preset=&#8220;default&#8220; header_4_font=&#8220;|700|||||||&#8220; header_4_text_align=&#8220;center&#8220; header_4_text_color=&#8220;#171719&#8243; header_4_font_size=&#8220;16px&#8220; background_color=&#8220;#FFFFFF&#8220; custom_margin=&#8220;0px|25px|10px|25px|false|false&#8220; custom_padding=&#8220;25px||13px||false|true&#8220; link_option_url=&#8220;@ET-DC@eyJkeW5hbWljIjp0cnVlLCJjb250ZW50IjoicG9zdF9saW5rX3VybF9wYWdlIiwic2V0dGluZ3MiOnsicG9zdF9pZCI6Ijk5NTM5In19@&#8220; border_radii=&#8220;on|6px|6px|6px|6px&#8220; border_color_left=&#8220;#f3a363&#8243; global_module=&#8220;98180&#8243; saved_tabs=&#8220;all&#8220; global_colors_info=&#8220;{}&#8220; border_width_left__hover_enabled=&#8220;on|hover&#8220; border_width_left__hover=&#8220;6px&#8220; theme_builder_area=&#8220;post_content&#8220;]<\/p>\n<h4>Zubeh\u00f6r &#038; Ersatzteile<\/h4>\n<p>[\/et_pb_text][et_pb_text admin_label=&#8220;Service 4 Button&#8220; _builder_version=&#8220;4.14.7&#8243; _dynamic_attributes=&#8220;link_option_url&#8220; _module_preset=&#8220;default&#8220; header_4_font=&#8220;|700|||||||&#8220; header_4_text_align=&#8220;center&#8220; header_4_text_color=&#8220;#171719&#8243; header_4_font_size=&#8220;16px&#8220; background_color=&#8220;#FFFFFF&#8220; custom_margin=&#8220;0px|25px|10px|25px|false|false&#8220; custom_padding=&#8220;25px||13px||false|true&#8220; link_option_url=&#8220;@ET-DC@eyJkeW5hbWljIjp0cnVlLCJjb250ZW50IjoicG9zdF9saW5rX3VybF9wYWdlIiwic2V0dGluZ3MiOnsicG9zdF9pZCI6Ijk2ODkxIn19@&#8220; border_radii=&#8220;on|6px|6px|6px|6px&#8220; border_color_left=&#8220;#f3a363&#8243; global_module=&#8220;98875&#8243; saved_tabs=&#8220;all&#8220; global_colors_info=&#8220;{}&#8220; border_width_left__hover_enabled=&#8220;on|hover&#8220; border_width_left__hover=&#8220;6px&#8220; theme_builder_area=&#8220;post_content&#8220;]<\/p>\n<h4>Laserschweissen<\/h4>\n<p>[\/et_pb_text][et_pb_text admin_label=&#8220;Service 5 Button&#8220; _builder_version=&#8220;4.14.7&#8243; _dynamic_attributes=&#8220;link_option_url&#8220; _module_preset=&#8220;default&#8220; header_4_font=&#8220;|700|||||||&#8220; header_4_text_align=&#8220;center&#8220; header_4_text_color=&#8220;#171719&#8243; header_4_font_size=&#8220;16px&#8220; background_color=&#8220;#FFFFFF&#8220; custom_margin=&#8220;0px|25px|10px|25px|false|false&#8220; custom_padding=&#8220;25px||13px||false|true&#8220; link_option_url=&#8220;@ET-DC@eyJkeW5hbWljIjp0cnVlLCJjb250ZW50IjoicG9zdF9saW5rX3VybF9wYWdlIiwic2V0dGluZ3MiOnsicG9zdF9pZCI6Ijk3NTc5In19@&#8220; border_radii=&#8220;on|6px|6px|6px|6px&#8220; border_color_left=&#8220;#f3a363&#8243; global_module=&#8220;95237&#8243; saved_tabs=&#8220;all&#8220; global_colors_info=&#8220;{}&#8220; border_width_left__hover_enabled=&#8220;on|hover&#8220; border_width_left__hover=&#8220;6px&#8220; theme_builder_area=&#8220;post_content&#8220;]<\/p>\n<h4>Schulungen<\/h4>\n<p>[\/et_pb_text][et_pb_text admin_label=&#8220;Arrange  a Free Quote&#8220; _builder_version=&#8220;4.24.3&#8243; _module_preset=&#8220;default&#8220; text_font=&#8220;|600|||||||&#8220; text_text_color=&#8220;#FFFFFF&#8220; text_font_size=&#8220;16px&#8220; text_line_height=&#8220;1.8em&#8220; link_text_color=&#8220;#FFFFFF&#8220; header_3_font=&#8220;|700|||||||&#8220; header_3_text_align=&#8220;center&#8220; header_3_text_color=&#8220;#FFFFFF&#8220; header_3_font_size=&#8220;24px&#8220; header_3_line_height=&#8220;1.6em&#8220; background_color=&#8220;#bc5b1b&#8220; text_orientation=&#8220;center&#8220; background_layout=&#8220;dark&#8220; custom_margin=&#8220;32px|25px|17px|25px|false|true&#8220; custom_padding=&#8220;37px|25px|37px|25px|true|true&#8220; custom_padding_tablet=&#8220;&#8220; custom_padding_phone=&#8220;25px||25px||true|true&#8220; custom_padding_last_edited=&#8220;on|phone&#8220; border_radii=&#8220;on|6px|6px|6px|6px&#8220; global_module=&#8220;96977&#8243; saved_tabs=&#8220;all&#8220; global_colors_info=&#8220;{}&#8220; link_text_color__hover_enabled=&#8220;on|hover&#8220; link_text_color__hover=&#8220;#171719&#8243; theme_builder_area=&#8220;post_content&#8220;]<\/p>\n<p><a href=\"https:\/\/or-laserservice.com\/contact\"><img decoding=\"async\" class=\"wp-image-269  aligncenter\" src=\"https:\/\/or-laserservice.com\/wp-content\/uploads\/2022\/10\/TOP-BUSINESS-PRO_Logo-Favicon_Color1_RGB.svg\" alt=\"\" width=\"70\" height=\"70\" \/><\/a><\/p>\n<h3>Arrange a free quotation<\/h3>\n<p>+49 607 1820 2427<br \/>info@or-laserservice.com<\/p>\n<p>[\/et_pb_text][et_pb_divider show_divider=&#8220;off&#8220; _builder_version=&#8220;4.18.0&#8243; _module_preset=&#8220;default&#8220; border_radii=&#8220;off|||12px|12px&#8220; box_shadow_style=&#8220;preset3&#8243; global_colors_info=&#8220;{}&#8220; theme_builder_area=&#8220;post_content&#8220;][\/et_pb_divider][\/et_pb_column][\/et_pb_section]<\/p>\n","protected":false},"excerpt":{"rendered":"<p>Geltungsbereich1.1. Diese Allgemeinen Gesch\u00e4ftsbedingungen (nachfolgend &#8222;AGB&#8220;) gelten f\u00fcr s\u00e4mtliche Vertr\u00e4ge zwischen &#8222;OR Laser Service&#8220; (nachfolgend &#8222;Anbieter&#8220;) und ihren Kunden (nachfolgend &#8222;Kunde&#8220;) \u00fcber den Kauf von Produkten und Dienstleistungen auf der Webseite des Anbieters (nachfolgend &#8222;Webseite&#8220;).1.2. Abweichende Bedingungen des Kunden werden nicht anerkannt, es sei denn, der Anbieter stimmt ihrer Geltung ausdr\u00fccklich schriftlich zu. Vertragsgegenstand2.1. Der [&hellip;]<\/p>\n","protected":false},"author":2,"featured_media":0,"parent":0,"menu_order":220,"comment_status":"closed","ping_status":"closed","template":"","meta":{"_et_pb_use_builder":"on","_et_pb_old_content":"","_et_gb_content_width":"","inline_featured_image":false,"footnotes":""},"class_list":["post-365084","page","type-page","status-publish","hentry"],"_links":{"self":[{"href":"https:\/\/or-laserservice.com\/en\/wp-json\/wp\/v2\/pages\/365084","targetHints":{"allow":["GET"]}}],"collection":[{"href":"https:\/\/or-laserservice.com\/en\/wp-json\/wp\/v2\/pages"}],"about":[{"href":"https:\/\/or-laserservice.com\/en\/wp-json\/wp\/v2\/types\/page"}],"author":[{"embeddable":true,"href":"https:\/\/or-laserservice.com\/en\/wp-json\/wp\/v2\/users\/2"}],"replies":[{"embeddable":true,"href":"https:\/\/or-laserservice.com\/en\/wp-json\/wp\/v2\/comments?post=365084"}],"version-history":[{"count":0,"href":"https:\/\/or-laserservice.com\/en\/wp-json\/wp\/v2\/pages\/365084\/revisions"}],"wp:attachment":[{"href":"https:\/\/or-laserservice.com\/en\/wp-json\/wp\/v2\/media?parent=365084"}],"curies":[{"name":"wp","href":"https:\/\/api.w.org\/{rel}","templated":true}]}}